{"id":17394,"date":"2023-09-14T13:56:13","date_gmt":"2023-09-14T13:56:13","guid":{"rendered":"https:\/\/hillaryholt.com\/product\/magnetic-bottle-opener-galah\/"},"modified":"2023-09-26T12:54:21","modified_gmt":"2023-09-26T12:54:21","slug":"magnetic-bottle-opener-galah","status":"publish","type":"product","link":"https:\/\/hillaryholt.com\/es\/producto\/magnetic-bottle-opener-galah\/","title":{"rendered":"Magnetic Bottle Opener &#8211; Galah"},"content":{"rendered":"<p>\u00a1Tu mejor compa\u00f1ero de nevera! Dise\u00f1ado con una forma \u00fanica de tapa de botella y con dos mecanismos distintos de apertura de botellas, este abridor garantiza que siempre est\u00e9 listo para abrir una fr\u00eda.<\/p>\n<h5>Caracter\u00edsticas:<\/h5>\n<ul>\n<li><strong>Material:<\/strong> Elaborado con un exterior de pl\u00e1stico duradero complementado con un fondo met\u00e1lico, que garantiza longevidad y estilo.<\/li>\n<li><strong>Parte trasera magn\u00e9tica:<\/strong> Con\u00e9ctelo perfectamente a su refrigerador o a cualquier superficie met\u00e1lica, asegur\u00e1ndose de que su abridor est\u00e9 siempre al alcance de la mano.<\/li>\n<li><strong>Forma \u00fanica de tapa de botella:<\/strong> Imitando el aspecto de una tapa de botella, es un complemento elegante y funcional para cualquier cocina.<\/li>\n<li><strong>Mecanismos de apertura vers\u00e1tiles:<\/strong> Dos formas diferentes de abrir botellas, que se adaptan a varios tipos de botellas.<\/li>\n<li><strong>Finalizar:<\/strong> Acabado mate para un toque sofisticado.<\/li>\n<\/ul>\n<p><strong>Tama\u00f1o: <\/strong>Altura: 1,70 cm (0,67 pulgadas) \/ Di\u00e1metro: 7,62 cm (3,00 pulgadas)<\/p>","protected":false},"excerpt":{"rendered":"<p>Equipado con una pr\u00e1ctica parte trasera magn\u00e9tica, una forma \u00fanica de tapa de botella y dos mecanismos diferentes para abrir botellas, lo tiene todo. \u00a1P\u00e9galo en tu refrigerador y nunca m\u00e1s tendr\u00e1s que buscar el abridor de botellas!<\/p>","protected":false},"featured_media":17396,"template":"","meta":{"_monsterinsights_skip_tracking":false,"_monsterinsights_sitenote_active":false,"_monsterinsights_sitenote_note":"","_monsterinsights_sitenote_category":0,"jetpack_publicize_message":"","jetpack_is_tweetstorm":false,"jetpack_publicize_feature_enabled":true,"jetpack_social_post_already_shared":false,"jetpack_social_options":{"image_generator_settings":{"template":"highway","enabled":false}}},"collection":[86],"product_cat":[57,70],"product_tag":[],"jetpack_publicize_connections":[],"acf":[],"aioseo_notices":[],"_links":{"self":[{"href":"https:\/\/hillaryholt.com\/es\/wp-json\/wp\/v2\/product\/17394"}],"collection":[{"href":"https:\/\/hillaryholt.com\/es\/wp-json\/wp\/v2\/product"}],"about":[{"href":"https:\/\/hillaryholt.com\/es\/wp-json\/wp\/v2\/types\/product"}],"wp:featuredmedia":[{"embeddable":true,"href":"https:\/\/hillaryholt.com\/es\/wp-json\/wp\/v2\/media\/17396"}],"wp:attachment":[{"href":"https:\/\/hillaryholt.com\/es\/wp-json\/wp\/v2\/media?parent=17394"}],"wp:term":[{"taxonomy":"collection","embeddable":true,"href":"https:\/\/hillaryholt.com\/es\/wp-json\/wp\/v2\/collection?post=17394"},{"taxonomy":"product_cat","embeddable":true,"href":"https:\/\/hillaryholt.com\/es\/wp-json\/wp\/v2\/product_cat?post=17394"},{"taxonomy":"product_tag","embeddable":true,"href":"https:\/\/hillaryholt.com\/es\/wp-json\/wp\/v2\/product_tag?post=17394"}],"curies":[{"name":"wp","href":"https:\/\/api.w.org\/{rel}","templated":true}]}}