{"id":12349,"date":"2023-07-18T13:19:28","date_gmt":"2023-07-18T13:19:28","guid":{"rendered":"https:\/\/hillaryholt.com\/?page_id=12349"},"modified":"2023-09-28T21:13:05","modified_gmt":"2023-09-28T21:13:05","slug":"contact","status":"publish","type":"page","link":"https:\/\/hillaryholt.com\/es\/contact\/","title":{"rendered":"Contacto"},"content":{"rendered":"<section class=\"bde-section-12349-135 bde-section\">\n  \n\t\n\n\n\n<div class=\"section-container\"><h1 class=\"bde-heading-12349-136 bde-heading\">\nContacto\n<\/h1><div class=\"bde-image-12349-146 bde-image\">\n  \n\n\n\n\n\n<figure class=\"breakdance-image breakdance-image--16904\">\n\t<div class=\"breakdance-image-container\">\n\t\t<div class=\"breakdance-image-clip\">\n\t\t\t\n\t\t\t\t\n\t\t\t\t\t      \n  \n  \n  \n  \n      \n      <img loading=\"lazy\" decoding=\"async\"\n      class=\"breakdance-image-object\"\n      src=\"https:\/\/hillaryholt.com\/wp-content\/uploads\/2023\/04\/hillary-footer-face-283x300.jpg\"\n      width=\"283\"\n      height=\"300\"\n      \n      \n                        srcset=\"https:\/\/hillaryholt.com\/wp-content\/uploads\/2023\/04\/hillary-footer-face-283x300.jpg 283w, https:\/\/hillaryholt.com\/wp-content\/uploads\/2023\/04\/hillary-footer-face-600x636.jpg 600w, https:\/\/hillaryholt.com\/wp-content\/uploads\/2023\/04\/hillary-footer-face.jpg 768w\"\n                                sizes=\"(max-width: 283px) 100vw, 283px\"\n                  >\n  \n\n\t\t\t\t\t\n\t\t\t\t\t\t<\/div>\n\t<\/div>\n\n\t<\/figure>\n\n<\/div><div class=\"bde-columns-12349-137 bde-columns\"><div class=\"bde-column-12349-138 bde-column\">\n  \n\t\n\n\n\n<div class=\"bde-div-12349-139 bde-div\">\n  \n\t\n\n\n\n<h2 class=\"bde-heading-12349-151 bde-heading\">\n\u00a1Conect\u00e9monos!\n<\/h2><div class=\"bde-rich-text-12349-147 bde-rich-text breakdance-rich-text-styles\">\n<p>Siempre estoy emocionado de escuchar a otros entusiastas del arte, colaboradores potenciales y cualquier persona interesada en mi trabajo. Ya sea que est\u00e9 buscando encargar una pieza, consultar sobre productos o simplemente tener una pregunta, estoy aqu\u00ed para ayudarlo.<\/p><p>Antes de consultar sobre licencias de arte o dise\u00f1o gr\u00e1fico, considere explorar las p\u00e1ginas dedicadas a continuaci\u00f3n. Podr\u00edan proporcionarle las respuestas que est\u00e1 buscando. Si no, o si prefieres una conversaci\u00f3n directa, \u00a1d\u00e9jame un mensaje!<\/p><ul><li><p><strong>Licencias de arte y consultas sobre ventas<\/strong>: \u00bfEst\u00e1 interesado en obtener una licencia para mi arte o tiene alguna pregunta relacionada con las ventas? Encuentra m\u00e1s informaci\u00f3n <a target=\"_self\" href=\"https:\/\/hillaryholt.com\/es\/art-licensing\/\"><strong><u>aqu\u00ed<\/u><\/strong><\/a>.<\/p><\/li><li><p><strong>Dise\u00f1o gr\u00e1fico<\/strong>: \u00bfTienes curiosidad por mi trabajo de dise\u00f1o gr\u00e1fico? Ver mi portafolio <a target=\"_self\" href=\"https:\/\/hillaryholt.com\/es\/design\/\"><strong><u>aqu\u00ed<\/u><\/strong><\/a>.<\/p><\/li><\/ul><p>\u00bfA\u00fan tienes preguntas o simplemente quieres charlar? Env\u00edame un mensaje y te responder\u00e9 tan pronto como pueda. Esperamos poder conectarnos con usted. \u00a1Te hablar\u00e9 pronto!<\/p>\n<\/div><div class=\"bde-div-12349-153 bde-div\">\n  \n\t\n\n\n\n<div class=\"bde-image-12349-154 bde-image\">\n  \n\n\n\n\n\n<figure class=\"breakdance-image breakdance-image--23946\">\n\t<div class=\"breakdance-image-container\">\n\t\t<div class=\"breakdance-image-clip\">\n\t\t\t\n\t\t\t\t\n\t\t\t\t\t      \n  \n  \n  \n  \n      \n      <img loading=\"lazy\" decoding=\"async\"\n      class=\"breakdance-image-object\"\n      src=\"https:\/\/hillaryholt.com\/wp-content\/uploads\/2023\/09\/white-90.png\"\n      width=\"2579\"\n      height=\"1120\"\n      \n      \n                        srcset=\"https:\/\/hillaryholt.com\/wp-content\/uploads\/2023\/09\/white-90.png 2579w, https:\/\/hillaryholt.com\/wp-content\/uploads\/2023\/09\/white-90-300x130.png 300w, https:\/\/hillaryholt.com\/wp-content\/uploads\/2023\/09\/white-90-1024x445.png 1024w, https:\/\/hillaryholt.com\/wp-content\/uploads\/2023\/09\/white-90-768x334.png 768w, https:\/\/hillaryholt.com\/wp-content\/uploads\/2023\/09\/white-90-1536x667.png 1536w, https:\/\/hillaryholt.com\/wp-content\/uploads\/2023\/09\/white-90-2048x889.png 2048w, https:\/\/hillaryholt.com\/wp-content\/uploads\/2023\/09\/white-90-600x261.png 600w\"\n                                sizes=\"(max-width: 2579px) 100vw, 2579px\"\n                  >\n  \n\n\t\t\t\t\t\n\t\t\t\t\t\t<\/div>\n\t<\/div>\n\n\t<\/figure>\n\n<\/div>\n<\/div>\n<\/div>\n<\/div><div class=\"bde-column-12349-142 bde-column\">\n  \n\t\n\n\n\n<div class=\"bde-div-12349-143 bde-div\">\n  \n\t\n\n\n\n<h2 class=\"bde-heading-12349-140 bde-heading\">\nEnv\u00edeme un mensaje...\n<\/h2><div class=\"bde-columns-12349-148 bde-columns\"><div class=\"bde-column-12349-150 bde-column\">\n  \n\t\n\n\n\n<div class=\"bde-form-builder-12349-109 bde-form-builder\">\n\n\n<form id=\"contact-form109\" class=\"breakdance-form breakdance-form--vertical\" data-options=\"{&quot;slug&quot;:&quot;custom&quot;,&quot;name&quot;:&quot;Contact Form&quot;,&quot;ajaxUrl&quot;:&quot;https:\\\/\\\/hillaryholt.com\\\/wp-admin\\\/admin-ajax.php&quot;,&quot;clearOnSuccess&quot;:true,&quot;hideOnSuccess&quot;:false,&quot;successMessage&quot;:&quot;Your message has been received!&quot;,&quot;errorMessage&quot;:&quot;Something went wrong&quot;,&quot;redirect&quot;:null,&quot;redirectUrl&quot;:null,&quot;customJavaScript&quot;:null,&quot;recaptcha&quot;:{&quot;key&quot;:&quot;&quot;,&quot;enabled&quot;:null},&quot;honeypot_enabled&quot;:null,&quot;popupsOnSuccess&quot;:[],&quot;popupsOnError&quot;:[]}\" data-steps=\"0\" action=\"\" >\n  \n  \n  \n<div class=\"breakdance-form-field breakdance-form-field--text\" >\n    \n    \n            <label class=\"breakdance-form-field__label\" for=\"name\">\n            Nombre<span class=\"breakdance-form-field__required\">*<\/span>\n        <\/label>\n    \n    <input\n    class=\"breakdance-form-field__input\"\n    id=\"name\"\n    aria-describedby=\"name\"\n    type=\"text\"\n    name=\"fields[name]\"\n    placeholder=\"Primer apellido\"\n    value=\"\"\n                \n        \n        \n    required\n>\n\n\n    \n    \n<\/div>\n\n\n<div class=\"breakdance-form-field breakdance-form-field--email\" >\n    \n    \n            <label class=\"breakdance-form-field__label\" for=\"email\">\n            Correo electr\u00f3nico<span class=\"breakdance-form-field__required\">*<\/span>\n        <\/label>\n    \n    <input\n    class=\"breakdance-form-field__input\"\n    id=\"email\"\n    aria-describedby=\"email\"\n    type=\"email\"\n    name=\"fields[email]\"\n    placeholder=\"Su direcci\u00f3n de correo electr\u00f3nico\"\n    value=\"\"\n                \n        \n        \n    required\n>\n\n\n    \n    \n<\/div>\n\n\n<div class=\"breakdance-form-field breakdance-form-field--text\" >\n    \n    \n            <label class=\"breakdance-form-field__label\" for=\"gfmpus\">\n            Sujeto<span class=\"breakdance-form-field__required\">*<\/span>\n        <\/label>\n    \n    <input\n    class=\"breakdance-form-field__input\"\n    id=\"gfmpus\"\n    aria-describedby=\"gfmpus\"\n    type=\"text\"\n    name=\"fields[gfmpus]\"\n    placeholder=\"\u00bfDe qu\u00e9 se trata tu mensaje?\"\n    value=\"\"\n                \n        \n        \n    required\n>\n\n\n    \n    \n<\/div>\n\n\n<div class=\"breakdance-form-field breakdance-form-field--textarea\" >\n    \n    \n            <label class=\"breakdance-form-field__label\" for=\"message\">\n            Mensaje<span class=\"breakdance-form-field__required\">*<\/span>\n        <\/label>\n    \n    <textarea\n    class=\"breakdance-form-field__input\"\n    id=\"message\"\n    aria-describedby=\"message\"\n    type=\"textarea\"\n    name=\"fields[message]\"\n        rows=\"8\"\n        placeholder=\"Escriba su mensaje aqu\u00ed\"\n    required\n>\n<\/textarea>\n\n\n    \n    \n<\/div>\n\n\n<div class=\"breakdance-form-field breakdance-form-field--hidden\" >\n    \n    \n    \n    <input\n    id=\"csrfToken\"\n    type=\"hidden\"\n    name=\"fields[csrfToken]\"\n    value=\"c835989d0f\"\n    >\n\n\n    \n    \n<\/div>\n\n\n  \n\n<footer class=\"breakdance-form-field breakdance-form-footer\">\n    \n    \n                                    \n    \n    \n    \n    \n            \n            <button type=\"submit\" class=\"button-atom button-atom--primary breakdance-form-button breakdance-form-button__submit\"  >\n    \n        <span class=\"button-atom__text\">Enviar mensaje<\/span>\n\n        \n        \n            <\/button>\n    \n    <input type=\"hidden\" name=\"form_id\" value=\"109\">\n    <input type=\"hidden\" name=\"post_id\" value=\"12349\">\n<\/footer>\n\n  \n<input type=\"hidden\" name=\"trp-form-language\" value=\"es\"\/><\/form>\n\n\n\n<\/div>\n<\/div><\/div>\n<\/div>\n<\/div><\/div><\/div>\n<\/section>","protected":false},"excerpt":{"rendered":"<p>Contact Let&#8217;s Connect! I&#8217;m always excited to hear from fellow art enthusiasts, potential collaborators, and anyone interested in my work. Whether you&#8217;re looking to commission a piece, inquire about products, or simply have a question, I&#8217;m here to help.Before reaching out about art licensing or graphic design, consider exploring the dedicated pages below. They might [&hellip;]<\/p>","protected":false},"author":1,"featured_media":0,"parent":0,"menu_order":0,"comment_status":"closed","ping_status":"closed","template":"","meta":{"_monsterinsights_skip_tracking":false,"_monsterinsights_sitenote_active":false,"_monsterinsights_sitenote_note":"","_monsterinsights_sitenote_category":0,"footnotes":"","_breakdance_hide_in_design_set":false,"_breakdance_tags":""},"acf":[],"aioseo_notices":[],"_links":{"self":[{"href":"https:\/\/hillaryholt.com\/es\/wp-json\/wp\/v2\/pages\/12349"}],"collection":[{"href":"https:\/\/hillaryholt.com\/es\/wp-json\/wp\/v2\/pages"}],"about":[{"href":"https:\/\/hillaryholt.com\/es\/wp-json\/wp\/v2\/types\/page"}],"author":[{"embeddable":true,"href":"https:\/\/hillaryholt.com\/es\/wp-json\/wp\/v2\/users\/1"}],"replies":[{"embeddable":true,"href":"https:\/\/hillaryholt.com\/es\/wp-json\/wp\/v2\/comments?post=12349"}],"version-history":[{"count":21,"href":"https:\/\/hillaryholt.com\/es\/wp-json\/wp\/v2\/pages\/12349\/revisions"}],"predecessor-version":[{"id":25307,"href":"https:\/\/hillaryholt.com\/es\/wp-json\/wp\/v2\/pages\/12349\/revisions\/25307"}],"wp:attachment":[{"href":"https:\/\/hillaryholt.com\/es\/wp-json\/wp\/v2\/media?parent=12349"}],"curies":[{"name":"wp","href":"https:\/\/api.w.org\/{rel}","templated":true}]}}