{"id":12004,"date":"2023-07-05T12:41:33","date_gmt":"2023-07-05T12:41:33","guid":{"rendered":"https:\/\/hillaryholt.com\/?page_id=12004"},"modified":"2024-10-07T08:52:27","modified_gmt":"2024-10-07T08:52:27","slug":"about","status":"publish","type":"page","link":"https:\/\/hillaryholt.com\/es\/about\/","title":{"rendered":"About"},"content":{"rendered":"<section class=\"bde-section-12004-100 bde-section\">\n  \n\t\n\n\n\n<div class=\"section-container\"><div class=\"bde-columns-12004-191 bde-columns\"><div class=\"bde-column-12004-192 bde-column\">\n  \n\t\n\n\n\n<div class=\"bde-rich-text-12004-177 bde-rich-text breakdance-rich-text-styles\">\n<h1><strong>Hello, I\u2019m Hillary Holt. <\/strong><\/h1><h2>I\u2019m a freelance art director, senior graphic designer &amp; illustrator based in Barcelona, Spain. <\/h2><h2>I specialise in visual brand creation from scratch and development or elevation of your existing brand - whether you're just getting started as a solopreneur or small business, or you are pivoting or refreshing your offering. I can lead you through the process of visual brand identity creation or overhaul from the ground up. <\/h2><p>From image research, marketing and copywriting, to graphic designer and art director to artist and surface designer, my skills and experience enable me to visualise, execute and strategise your band story.<\/p><h3>What can I create for your brand?<\/h3><p>- Logo and visual identity <br>- Illustration, custom pattern and surface design<br>- Social media art direction, template creation and strategy<br>- Web design and digital marketing graphics<br>- Packaging<br>- Brand rollouts for print and digital communication<br>- Documented brand guidelines \/ guardianship<br>- Event displays and related collateral<\/p><h3>Why is my visual brand important?<\/h3><p>Your visual brand identity isn't just about creating a logo. Your brand identity is comprised of a system of elements that work together to distinguish you from the crowd, be memorable and connect with your ideal customer at a glance. <\/p><p>These elements are things such as color, typography, secondary logos, brand marks or stamps, custom patterns, custom illustrations and graphic elements. They work together to set the tone and communicate your brand story. <\/p><h4>You wouldn't show up to meet a client or investor in flip flops, you need to establish trust by presenting professionally! That's why you need to work with a professional with the expertise and experience to create something considered. You need to work with me!<\/h4><h3>Why am I the person for the job?<\/h3><p>I have a degree with distinction in Visual Communication. I have worked with global luxury brands, small business and new business. I have 18 years experience in European, Australian and London based businesses and audiences. Now based in Barcelona, I work with local brands in person as well as a number of businesses based in the USA. I've been working remotely for over ten years so I am quick, responsive and trust worthy. <\/p><p>Whether it\u2019s an international campaign, brick and mortar or online store, realising the potential of your brand and business vision is why I love my job, and why I\u2019d love to work with you. <br><br>Contact me for an obligation free discovery call.<\/p><p>I\u2019m always looking for new projects, collaborations and opportunities to connect with people. <a target=\"_self\" href=\"https:\/\/hillaryholt.com\/es\/contact\/\">Let\u2019s stay in touch!<\/a><\/p><p><\/p>\n<\/div>\n<\/div><div class=\"bde-column-12004-193 bde-column\">\n  \n\t\n\n\n\n<div class=\"bde-columns-12004-181 bde-columns\"><div class=\"bde-column-12004-182 bde-column\">\n  \n\t\n\n\n\n<div class=\"bde-image-12004-179 bde-image\">\n  \n\n\n\n\n\n<figure class=\"breakdance-image breakdance-image--14590\">\n\t<div class=\"breakdance-image-container\">\n\t\t<div class=\"breakdance-image-clip\">\n\t\t\t\n\t\t\t\t\n\t\t\t\t\t      \n  \n  \n  \n  \n      \n      <img loading=\"lazy\" decoding=\"async\"\n      class=\"breakdance-image-object\"\n      src=\"https:\/\/hillaryholt.com\/wp-content\/uploads\/2023\/09\/hillary-holt-portrait-home.jpg\"\n      width=\"1000\"\n      height=\"805\"\n      \n      \n                        srcset=\"https:\/\/hillaryholt.com\/wp-content\/uploads\/2023\/09\/hillary-holt-portrait-home.jpg 1000w, https:\/\/hillaryholt.com\/wp-content\/uploads\/2023\/09\/hillary-holt-portrait-home-300x242.jpg 300w, https:\/\/hillaryholt.com\/wp-content\/uploads\/2023\/09\/hillary-holt-portrait-home-768x618.jpg 768w, https:\/\/hillaryholt.com\/wp-content\/uploads\/2023\/09\/hillary-holt-portrait-home-600x483.jpg 600w\"\n                                sizes=\"(max-width: 1000px) 100vw, 1000px\"\n                  >\n  \n\n\t\t\t\t\t\n\t\t\t\t\t\t<\/div>\n\t<\/div>\n\n\t<\/figure>\n\n<\/div><div class=\"bde-button-12004-190 bde-button\">\n    \n                                    \n    \n    \n    \n    \n            \n                    \n            \n            \n\n    \n    \n    \n    \n    <a class=\"breakdance-link button-atom button-atom--secondary bde-button__button\" href=\"https:\/\/hillaryholt.com\/es\/contact\/\" target=\"_self\" data-type=\"url\"  >\n\n    \n        <span class=\"button-atom__text\">Ponerse en contacto<\/span>\n\n                            \n        \n                <\/a>\n\n    \n\n\n<\/div>\n<\/div><\/div><div class=\"bde-rich-text-12004-180 bde-rich-text breakdance-rich-text-styles\">\n<ul><li><p>H\u00e1blame de <a target=\"_self\" href=\"https:\/\/hillaryholt.com\/es\/contact\/\">comisiones<\/a> o <a target=\"_self\" href=\"\/es\/licensing\/\">licenciar mi obra de arte<\/a><\/p><\/li><li><p><a target=\"_self\" href=\"#newsletter\">\u00danase a mi bolet\u00edn<\/a> \u00a1Y mantente actualizado con nuevos lanzamientos y obsequios! <\/p><\/li><li><p>\u00bfBuscas mi portafolio de dise\u00f1o gr\u00e1fico? Encontrar\u00e1s eso <a target=\"_self\" href=\"https:\/\/hillaryholt.com\/es\/design\/\">aqu\u00ed<\/a>. <\/p><\/li><li><p>Tambi\u00e9n fotograf\u00edo im\u00e1genes de la vida en Barcelona. Mira mi fotograf\u00eda <a target=\"_self\" href=\"https:\/\/hillaryholt.com\/es\/photography\/\">aqu\u00ed<\/a>. <\/p><\/li><\/ul>\n<\/div>\n<\/div><\/div><\/div>\n<\/section>","protected":false},"excerpt":{"rendered":"<p>Hello, I\u2019m Hillary Holt. I\u2019m a freelance art director, senior graphic designer &amp; illustrator based in Barcelona, Spain. I specialise in visual brand creation from scratch and development or elevation of your existing brand &#8211; whether you&#8217;re just getting started as a solopreneur or small business, or you are pivoting or refreshing your offering. I [&hellip;]<\/p>","protected":false},"author":1,"featured_media":0,"parent":0,"menu_order":0,"comment_status":"closed","ping_status":"closed","template":"","meta":{"_monsterinsights_skip_tracking":false,"_monsterinsights_sitenote_active":false,"_monsterinsights_sitenote_note":"","_monsterinsights_sitenote_category":0,"footnotes":"","_breakdance_hide_in_design_set":false,"_breakdance_tags":""},"acf":[],"aioseo_notices":[],"_links":{"self":[{"href":"https:\/\/hillaryholt.com\/es\/wp-json\/wp\/v2\/pages\/12004"}],"collection":[{"href":"https:\/\/hillaryholt.com\/es\/wp-json\/wp\/v2\/pages"}],"about":[{"href":"https:\/\/hillaryholt.com\/es\/wp-json\/wp\/v2\/types\/page"}],"author":[{"embeddable":true,"href":"https:\/\/hillaryholt.com\/es\/wp-json\/wp\/v2\/users\/1"}],"replies":[{"embeddable":true,"href":"https:\/\/hillaryholt.com\/es\/wp-json\/wp\/v2\/comments?post=12004"}],"version-history":[{"count":72,"href":"https:\/\/hillaryholt.com\/es\/wp-json\/wp\/v2\/pages\/12004\/revisions"}],"predecessor-version":[{"id":28151,"href":"https:\/\/hillaryholt.com\/es\/wp-json\/wp\/v2\/pages\/12004\/revisions\/28151"}],"wp:attachment":[{"href":"https:\/\/hillaryholt.com\/es\/wp-json\/wp\/v2\/media?parent=12004"}],"curies":[{"name":"wp","href":"https:\/\/api.w.org\/{rel}","templated":true}]}}